{"id":204,"date":"2026-05-11T14:18:23","date_gmt":"2026-05-11T17:18:23","guid":{"rendered":"https:\/\/pimentahonorato.unitridigital.com.br\/?page_id=204"},"modified":"2026-05-11T14:18:23","modified_gmt":"2026-05-11T17:18:23","slug":"incidente-de-seguranca-da-informacao","status":"publish","type":"page","link":"https:\/\/pimentahonorato.unitridigital.com.br\/en\/lgpd\/incidente-de-seguranca-da-informacao\/","title":{"rendered":"(PT) Incidente de Seguran\u00e7a da Informa\u00e7\u00e3o"},"content":{"rendered":"<p class=\"qtranxs-available-languages-message qtranxs-available-languages-message-en\">Sorry, this entry is only available in <a href=\"https:\/\/pimentahonorato.unitridigital.com.br\/pb\/wp-json\/wp\/v2\/pages\/204\" class=\"qtranxs-available-language-link qtranxs-available-language-link-pb\" title=\"PT\">PT<\/a>.<\/p>","protected":false},"excerpt":{"rendered":"<p>Sorry, this entry is only available in PT.<\/p>\n","protected":false},"author":1,"featured_media":0,"parent":196,"menu_order":11,"comment_status":"closed","ping_status":"closed","template":"","meta":{"_acf_changed":false,"footnotes":""},"class_list":["post-204","page","type-page","status-publish","hentry"],"acf":[],"_links":{"self":[{"href":"https:\/\/pimentahonorato.unitridigital.com.br\/en\/wp-json\/wp\/v2\/pages\/204","targetHints":{"allow":["GET"]}}],"collection":[{"href":"https:\/\/pimentahonorato.unitridigital.com.br\/en\/wp-json\/wp\/v2\/pages"}],"about":[{"href":"https:\/\/pimentahonorato.unitridigital.com.br\/en\/wp-json\/wp\/v2\/types\/page"}],"author":[{"embeddable":true,"href":"https:\/\/pimentahonorato.unitridigital.com.br\/en\/wp-json\/wp\/v2\/users\/1"}],"replies":[{"embeddable":true,"href":"https:\/\/pimentahonorato.unitridigital.com.br\/en\/wp-json\/wp\/v2\/comments?post=204"}],"version-history":[{"count":1,"href":"https:\/\/pimentahonorato.unitridigital.com.br\/en\/wp-json\/wp\/v2\/pages\/204\/revisions"}],"predecessor-version":[{"id":205,"href":"https:\/\/pimentahonorato.unitridigital.com.br\/en\/wp-json\/wp\/v2\/pages\/204\/revisions\/205"}],"up":[{"embeddable":true,"href":"https:\/\/pimentahonorato.unitridigital.com.br\/en\/wp-json\/wp\/v2\/pages\/196"}],"wp:attachment":[{"href":"https:\/\/pimentahonorato.unitridigital.com.br\/en\/wp-json\/wp\/v2\/media?parent=204"}],"curies":[{"name":"wp","href":"https:\/\/api.w.org\/{rel}","templated":true}]}}