{"id":209,"date":"2026-05-11T14:28:38","date_gmt":"2026-05-11T17:28:38","guid":{"rendered":"https:\/\/pimentahonorato.unitridigital.com.br\/?page_id=209"},"modified":"2026-05-13T08:04:51","modified_gmt":"2026-05-13T11:04:51","slug":"compromisso-com-etica-inovacao-e-resultado","status":"publish","type":"page","link":"https:\/\/pimentahonorato.unitridigital.com.br\/en\/contato\/compromisso-com-etica-inovacao-e-resultado\/","title":{"rendered":"(PT) Compromisso com \u00e9tica, inova\u00e7\u00e3o e resultado"},"content":{"rendered":"<p class=\"qtranxs-available-languages-message qtranxs-available-languages-message-en\">Sorry, this entry is only available in <a href=\"https:\/\/pimentahonorato.unitridigital.com.br\/pb\/wp-json\/wp\/v2\/pages\/209\" class=\"qtranxs-available-language-link qtranxs-available-language-link-pb\" title=\"PT\">PT<\/a>.<\/p>","protected":false},"excerpt":{"rendered":"<p class=\"qtranxs-available-languages-message qtranxs-available-languages-message-en\">Sorry, this entry is only available in <a href=\"https:\/\/pimentahonorato.unitridigital.com.br\/pb\/wp-json\/wp\/v2\/pages\/209\" class=\"qtranxs-available-language-link qtranxs-available-language-link-pb\" title=\"PT\">PT<\/a>.<\/p>\n","protected":false},"author":1,"featured_media":0,"parent":20,"menu_order":3,"comment_status":"closed","ping_status":"closed","template":"","meta":{"_acf_changed":false,"footnotes":""},"class_list":["post-209","page","type-page","status-publish","hentry"],"acf":[],"_links":{"self":[{"href":"https:\/\/pimentahonorato.unitridigital.com.br\/en\/wp-json\/wp\/v2\/pages\/209","targetHints":{"allow":["GET"]}}],"collection":[{"href":"https:\/\/pimentahonorato.unitridigital.com.br\/en\/wp-json\/wp\/v2\/pages"}],"about":[{"href":"https:\/\/pimentahonorato.unitridigital.com.br\/en\/wp-json\/wp\/v2\/types\/page"}],"author":[{"embeddable":true,"href":"https:\/\/pimentahonorato.unitridigital.com.br\/en\/wp-json\/wp\/v2\/users\/1"}],"replies":[{"embeddable":true,"href":"https:\/\/pimentahonorato.unitridigital.com.br\/en\/wp-json\/wp\/v2\/comments?post=209"}],"version-history":[{"count":2,"href":"https:\/\/pimentahonorato.unitridigital.com.br\/en\/wp-json\/wp\/v2\/pages\/209\/revisions"}],"predecessor-version":[{"id":239,"href":"https:\/\/pimentahonorato.unitridigital.com.br\/en\/wp-json\/wp\/v2\/pages\/209\/revisions\/239"}],"up":[{"embeddable":true,"href":"https:\/\/pimentahonorato.unitridigital.com.br\/en\/wp-json\/wp\/v2\/pages\/20"}],"wp:attachment":[{"href":"https:\/\/pimentahonorato.unitridigital.com.br\/en\/wp-json\/wp\/v2\/media?parent=209"}],"curies":[{"name":"wp","href":"https:\/\/api.w.org\/{rel}","templated":true}]}}